{"id":793,"date":"2021-07-03T17:15:02","date_gmt":"2021-07-03T10:15:02","guid":{"rendered":"https:\/\/emotions.asia\/%e0%b8%95%e0%b8%b4%e0%b8%94%e0%b8%95%e0%b9%88%e0%b8%ad\/"},"modified":"2021-07-03T17:54:27","modified_gmt":"2021-07-03T10:54:27","slug":"%e0%b8%95%e0%b8%b4%e0%b8%94%e0%b8%95%e0%b9%88%e0%b8%ad","status":"publish","type":"page","link":"https:\/\/emotions.asia\/th\/%e0%b8%95%e0%b8%b4%e0%b8%94%e0%b8%95%e0%b9%88%e0%b8%ad\/","title":{"rendered":"\u0e15\u0e34\u0e14\u0e15\u0e48\u0e2d\u0e40\u0e23\u0e32"},"content":{"rendered":"\n<p>Il s&#8217;agit d&#8217;une page contenant des informations de contact de base, telles qu&#8217;une adresse et un num\u00e9ro de t\u00e9l\u00e9phone. Vous pouvez \u00e9galement essayer un plugin pour ajouter un formulaire de contact.<\/p>\n","protected":false},"excerpt":{"rendered":"<p>Il s&#8217;agit d&#8217;une page contenant des informat [&hellip;]<\/p>\n","protected":false},"author":1,"featured_media":0,"parent":0,"menu_order":0,"comment_status":"closed","ping_status":"closed","template":"","meta":{"footnotes":""},"class_list":["post-793","page","type-page","status-publish","hentry"],"_links":{"self":[{"href":"https:\/\/emotions.asia\/th\/wp-json\/wp\/v2\/pages\/793","targetHints":{"allow":["GET"]}}],"collection":[{"href":"https:\/\/emotions.asia\/th\/wp-json\/wp\/v2\/pages"}],"about":[{"href":"https:\/\/emotions.asia\/th\/wp-json\/wp\/v2\/types\/page"}],"author":[{"embeddable":true,"href":"https:\/\/emotions.asia\/th\/wp-json\/wp\/v2\/users\/1"}],"replies":[{"embeddable":true,"href":"https:\/\/emotions.asia\/th\/wp-json\/wp\/v2\/comments?post=793"}],"version-history":[{"count":5,"href":"https:\/\/emotions.asia\/th\/wp-json\/wp\/v2\/pages\/793\/revisions"}],"predecessor-version":[{"id":800,"href":"https:\/\/emotions.asia\/th\/wp-json\/wp\/v2\/pages\/793\/revisions\/800"}],"wp:attachment":[{"href":"https:\/\/emotions.asia\/th\/wp-json\/wp\/v2\/media?parent=793"}],"curies":[{"name":"wp","href":"https:\/\/api.w.org\/{rel}","templated":true}]}}