{"id":656,"date":"2021-06-15T08:39:26","date_gmt":"2021-06-15T01:39:26","guid":{"rendered":"https:\/\/emotions.asia\/contact\/"},"modified":"2023-06-02T17:29:12","modified_gmt":"2023-06-02T10:29:12","slug":"contact","status":"publish","type":"page","link":"https:\/\/emotions.asia\/en\/contact\/","title":{"rendered":"Contact"},"content":{"rendered":"\n<p>Il s&#8217;agit d&#8217;une page contenant des informations de contact de base, telles qu&#8217;une adresse et un num\u00e9ro de t\u00e9l\u00e9phone. Vous pouvez \u00e9galement essayer un plugin pour ajouter un formulaire de contact.<\/p>\n","protected":false},"excerpt":{"rendered":"<p>Il s&#8217;agit d&#8217;une page contenant des informations de contact de base, telles qu&#8217;une adresse et un num\u00e9ro de t\u00e9l\u00e9phone. Vous pouvez \u00e9galement essayer un plugin pour ajouter un formulaire de contact.<\/p>\n","protected":false},"author":1,"featured_media":0,"parent":0,"menu_order":0,"comment_status":"closed","ping_status":"closed","template":"","meta":{"footnotes":""},"class_list":["post-656","page","type-page","status-publish","hentry"],"_links":{"self":[{"href":"https:\/\/emotions.asia\/en\/wp-json\/wp\/v2\/pages\/656","targetHints":{"allow":["GET"]}}],"collection":[{"href":"https:\/\/emotions.asia\/en\/wp-json\/wp\/v2\/pages"}],"about":[{"href":"https:\/\/emotions.asia\/en\/wp-json\/wp\/v2\/types\/page"}],"author":[{"embeddable":true,"href":"https:\/\/emotions.asia\/en\/wp-json\/wp\/v2\/users\/1"}],"replies":[{"embeddable":true,"href":"https:\/\/emotions.asia\/en\/wp-json\/wp\/v2\/comments?post=656"}],"version-history":[{"count":4,"href":"https:\/\/emotions.asia\/en\/wp-json\/wp\/v2\/pages\/656\/revisions"}],"predecessor-version":[{"id":872,"href":"https:\/\/emotions.asia\/en\/wp-json\/wp\/v2\/pages\/656\/revisions\/872"}],"wp:attachment":[{"href":"https:\/\/emotions.asia\/en\/wp-json\/wp\/v2\/media?parent=656"}],"curies":[{"name":"wp","href":"https:\/\/api.w.org\/{rel}","templated":true}]}}